{"id":19,"date":"2010-12-20T16:41:59","date_gmt":"2010-12-20T16:41:59","guid":{"rendered":"http:\/\/szmyd.nazwa.pl\/?page_id=19"},"modified":"2015-04-01T09:14:36","modified_gmt":"2015-04-01T09:14:36","slug":"szmydline","status":"publish","type":"page","link":"http:\/\/www.sylwesterszmyd.pl\/?page_id=19","title":{"rendered":"SzmydLine"},"content":{"rendered":"<p><a href=\"https:\/\/i0.wp.com\/szmyd.nazwa.pl\/wp-content\/uploads\/2010\/12\/k22.jpg\"><img data-recalc-dims=\"1\" loading=\"lazy\" decoding=\"async\" data-attachment-id=\"2921\" data-permalink=\"http:\/\/www.sylwesterszmyd.pl\/?attachment_id=2921\" data-orig-file=\"https:\/\/i0.wp.com\/www.sylwesterszmyd.pl\/wp-content\/uploads\/2010\/12\/k22.jpg?fit=1500%2C1078\" data-orig-size=\"1500,1078\" data-comments-opened=\"0\" data-image-meta=\"{&quot;aperture&quot;:&quot;0&quot;,&quot;credit&quot;:&quot;&quot;,&quot;camera&quot;:&quot;&quot;,&quot;caption&quot;:&quot;&quot;,&quot;created_timestamp&quot;:&quot;0&quot;,&quot;copyright&quot;:&quot;&quot;,&quot;focal_length&quot;:&quot;0&quot;,&quot;iso&quot;:&quot;0&quot;,&quot;shutter_speed&quot;:&quot;0&quot;,&quot;title&quot;:&quot;&quot;,&quot;orientation&quot;:&quot;0&quot;}\" data-image-title=\"k22\" data-image-description=\"\" data-image-caption=\"\" data-medium-file=\"https:\/\/i0.wp.com\/www.sylwesterszmyd.pl\/wp-content\/uploads\/2010\/12\/k22.jpg?fit=300%2C216\" data-large-file=\"https:\/\/i0.wp.com\/www.sylwesterszmyd.pl\/wp-content\/uploads\/2010\/12\/k22.jpg?fit=790%2C568\" src=\"https:\/\/i0.wp.com\/szmyd.nazwa.pl\/wp-content\/uploads\/2010\/12\/k22.jpg?resize=790%2C568\" alt=\"k22\" width=\"790\" height=\"568\" class=\"alignleft size-full wp-image-2921\" srcset=\"https:\/\/i0.wp.com\/www.sylwesterszmyd.pl\/wp-content\/uploads\/2010\/12\/k22.jpg?w=1500 1500w, https:\/\/i0.wp.com\/www.sylwesterszmyd.pl\/wp-content\/uploads\/2010\/12\/k22.jpg?resize=300%2C216 300w, https:\/\/i0.wp.com\/www.sylwesterszmyd.pl\/wp-content\/uploads\/2010\/12\/k22.jpg?resize=1024%2C736 1024w, https:\/\/i0.wp.com\/www.sylwesterszmyd.pl\/wp-content\/uploads\/2010\/12\/k22.jpg?resize=450%2C323 450w\" sizes=\"auto, (max-width: 790px) 100vw, 790px\" \/><\/a><br \/>\n<a href=\"https:\/\/i0.wp.com\/szmyd.nazwa.pl\/wp-content\/uploads\/2010\/12\/ZESTAW201411.jpg\"><img data-recalc-dims=\"1\" loading=\"lazy\" decoding=\"async\" data-attachment-id=\"2561\" data-permalink=\"http:\/\/www.sylwesterszmyd.pl\/?attachment_id=2561\" data-orig-file=\"https:\/\/i0.wp.com\/www.sylwesterszmyd.pl\/wp-content\/uploads\/2010\/12\/ZESTAW201411.jpg?fit=11520%2C1000\" data-orig-size=\"11520,1000\" data-comments-opened=\"0\" data-image-meta=\"{&quot;aperture&quot;:&quot;0&quot;,&quot;credit&quot;:&quot;&quot;,&quot;camera&quot;:&quot;&quot;,&quot;caption&quot;:&quot;&quot;,&quot;created_timestamp&quot;:&quot;0&quot;,&quot;copyright&quot;:&quot;&quot;,&quot;focal_length&quot;:&quot;0&quot;,&quot;iso&quot;:&quot;0&quot;,&quot;shutter_speed&quot;:&quot;0&quot;,&quot;title&quot;:&quot;&quot;,&quot;orientation&quot;:&quot;0&quot;}\" data-image-title=\"ZESTAW20141\" data-image-description=\"\" data-image-caption=\"\" data-medium-file=\"https:\/\/i0.wp.com\/www.sylwesterszmyd.pl\/wp-content\/uploads\/2010\/12\/ZESTAW201411.jpg?fit=300%2C26\" data-large-file=\"https:\/\/i0.wp.com\/www.sylwesterszmyd.pl\/wp-content\/uploads\/2010\/12\/ZESTAW201411.jpg?fit=790%2C68\" class=\"alignleft size-full wp-image-2561\" src=\"https:\/\/i0.wp.com\/szmyd.nazwa.pl\/wp-content\/uploads\/2010\/12\/ZESTAW201411.jpg?resize=790%2C69\" alt=\"ZESTAW20141\" width=\"790\" height=\"69\" srcset=\"https:\/\/i0.wp.com\/www.sylwesterszmyd.pl\/wp-content\/uploads\/2010\/12\/ZESTAW201411.jpg?w=11520 11520w, https:\/\/i0.wp.com\/www.sylwesterszmyd.pl\/wp-content\/uploads\/2010\/12\/ZESTAW201411.jpg?resize=300%2C26 300w, https:\/\/i0.wp.com\/www.sylwesterszmyd.pl\/wp-content\/uploads\/2010\/12\/ZESTAW201411.jpg?resize=1024%2C88 1024w, https:\/\/i0.wp.com\/www.sylwesterszmyd.pl\/wp-content\/uploads\/2010\/12\/ZESTAW201411.jpg?resize=450%2C39 450w, https:\/\/i0.wp.com\/www.sylwesterszmyd.pl\/wp-content\/uploads\/2010\/12\/ZESTAW201411.jpg?w=1580 1580w, https:\/\/i0.wp.com\/www.sylwesterszmyd.pl\/wp-content\/uploads\/2010\/12\/ZESTAW201411.jpg?w=2370 2370w\" sizes=\"auto, (max-width: 790px) 100vw, 790px\" \/><\/a><\/p>\n<p>Fanklub Sylwester Szmyd proponuje Pa\u0144stwu T-shirty z nadrukami (zdj\u0119cie powy\u017cej).<\/p>\n<p>Cena koszulki to 34 z\u0142ote, w cen\u0119 wliczona jest op\u0142ata pocztowa za wys\u0142anie przesy\u0142ki. Dost\u0119pne rozmiary; S (wzrost 168\/obw\u00f3d w klatce piesiowej 92), M (176\/96), L (182\/100), XL (185\/104), XXL (188\/108). Kroje dla Pa\u0144; S(164\/88), M(168\/92), L(172\/96). ( Przypominamy, \u017ce wymiary koszulek s\u0105 miarodajne, prosimy kierowa\u0107 si\u0119 nimi by koszulki w rezultacie nie by\u0142y za du\u017ce (prosimy nie zamawia\u0107 na \u201ewyrost\u201d:).<\/p>\n<p>W celu z\u0142o\u017cenia zam\u00f3wienia prosimy o wys\u0142anie na adres: fanklub.sylwesterszmyd@gmail.com e-maila w kt\u00f3rym prosimy okre\u015bli\u0107 kod (jak na zdj\u0119ciu), rozmiar i ilo\u015b\u0107 zamawianych koszulek oraz poda\u0107 dok\u0142adny adres na kt\u00f3ry ma by\u0107 wys\u0142ana przesy\u0142ka. Je\u017celi zamawiany rozmiar i kolor b\u0119dzie dost\u0119pny podamy dane do przelewu bankowego, po zaksi\u0119gowaniu wp\u0142aty koszulka zostanie wys\u0142ana na wskazany adres.<\/p>\n<p><a href=\"https:\/\/i0.wp.com\/szmyd.nazwa.pl\/wp-content\/uploads\/2010\/12\/komplet.jpg\"><img data-recalc-dims=\"1\" loading=\"lazy\" decoding=\"async\" data-attachment-id=\"32\" data-permalink=\"http:\/\/www.sylwesterszmyd.pl\/?attachment_id=32\" data-orig-file=\"https:\/\/i0.wp.com\/www.sylwesterszmyd.pl\/wp-content\/uploads\/2010\/12\/komplet.jpg?fit=1000%2C694\" data-orig-size=\"1000,694\" data-comments-opened=\"0\" data-image-meta=\"{&quot;aperture&quot;:&quot;0&quot;,&quot;credit&quot;:&quot;&quot;,&quot;camera&quot;:&quot;&quot;,&quot;caption&quot;:&quot;&quot;,&quot;created_timestamp&quot;:&quot;0&quot;,&quot;copyright&quot;:&quot;&quot;,&quot;focal_length&quot;:&quot;0&quot;,&quot;iso&quot;:&quot;0&quot;,&quot;shutter_speed&quot;:&quot;0&quot;,&quot;title&quot;:&quot;&quot;}\" data-image-title=\"komplet\" data-image-description=\"\" data-image-caption=\"\" data-medium-file=\"https:\/\/i0.wp.com\/www.sylwesterszmyd.pl\/wp-content\/uploads\/2010\/12\/komplet.jpg?fit=300%2C208\" data-large-file=\"https:\/\/i0.wp.com\/www.sylwesterszmyd.pl\/wp-content\/uploads\/2010\/12\/komplet.jpg?fit=790%2C548\" class=\"alignleft size-full wp-image-32\" title=\"komplet\" src=\"https:\/\/i0.wp.com\/szmyd.nazwa.pl\/wp-content\/uploads\/2010\/12\/komplet.jpg?resize=600%2C416\" alt=\"\" width=\"600\" height=\"416\" srcset=\"https:\/\/i0.wp.com\/www.sylwesterszmyd.pl\/wp-content\/uploads\/2010\/12\/komplet.jpg?w=1000 1000w, https:\/\/i0.wp.com\/www.sylwesterszmyd.pl\/wp-content\/uploads\/2010\/12\/komplet.jpg?resize=300%2C208 300w, https:\/\/i0.wp.com\/www.sylwesterszmyd.pl\/wp-content\/uploads\/2010\/12\/komplet.jpg?resize=150%2C104 150w\" sizes=\"auto, (max-width: 600px) 100vw, 600px\" \/><\/a><\/p>\n<p>Str\u00f3j kolarski &#8211; komplet &#8211; cena 290 z\u0142<br \/>\nKoszulka kolarska<br \/>\nKoszulka wykonana z tkaniny poliestrowej Dry \u2013 Coolmax. Specjalna struktura i splot w\u0142\u00f3kien nadaje koszulce przyjemn\u0105 mi\u0119kko\u015b\u0107 i \u015bwietnie si\u0119 dopasowuje do cia\u0142a. R\u0119kawki specjalnie zaprojektowane i wykonane z Lycry dla wi\u0119kszego komfortu w upalne dni. Doskonale oddycha. Posiada suwak przez ca\u0142\u0105 d\u0142ugo\u015b\u0107 a z ty\u0142u trzy kieszonki.<br \/>\nSpodenki kolarskie na szelkach<br \/>\nSpodenki kolarskie na szelkach wykonane z siatki poliestrowej oraz z tkaniny LYCRA + bezszwowa wk\u0142adka Coolmax.<br \/>\nCzapeczka<br \/>\nSkarpety PROFI Cotton<br \/>\nSkarpety kolarskie wykonane s\u0105 z w\u0142\u00f3kien Cotton z dodatkiem LYCRY. Sam materia\u0142 wykonano z delikatnych w\u0142\u00f3kien, przez co produkt jest bardzo mi\u0119kki w dotyku. Specjalnie zaprojektowana dla rowerzyst\u00f3w wstawka wentylacyjna umieszczona na podbiciu stopy zwi\u0119ksza przep\u0142yw powietrza, dzi\u0119ki czemu sk\u00f3ra stopy jak i sam materia\u0142 pozostaj\u0105 suche \u2013 AIR DANIELO SYSTEM<\/p>\n<p>Komplet dost\u0119pny w rozmiarch: XS(tylko koszulki), S, M, L, XL, XXL<\/p>\n<p>Str\u00f3j wyprodukowa\u0142a firma Danielo<\/p>\n","protected":false},"excerpt":{"rendered":"<p>Fanklub Sylwester Szmyd proponuje Pa\u0144stwu T-shirty z nadrukami (zdj\u0119cie powy\u017cej). Cena koszulki to 34 z\u0142ote, w cen\u0119 wliczona jest op\u0142ata pocztowa za wys\u0142anie przesy\u0142ki. Dost\u0119pne rozmiary; S (wzrost 168\/obw\u00f3d w klatce piesiowej 92), M (176\/96), L (182\/100), XL (185\/104), XXL (188\/108). Kroje dla Pa\u0144; S(164\/88), M(168\/92), L(172\/96). ( Przypominamy, \u017ce&#8230;<\/p>\n","protected":false},"author":1,"featured_media":0,"parent":0,"menu_order":2,"comment_status":"closed","ping_status":"closed","template":"","meta":{"ngg_post_thumbnail":0,"footnotes":""},"class_list":["post-19","page","type-page","status-publish","hentry"],"jetpack_sharing_enabled":true,"_links":{"self":[{"href":"http:\/\/www.sylwesterszmyd.pl\/index.php?rest_route=\/wp\/v2\/pages\/19","targetHints":{"allow":["GET"]}}],"collection":[{"href":"http:\/\/www.sylwesterszmyd.pl\/index.php?rest_route=\/wp\/v2\/pages"}],"about":[{"href":"http:\/\/www.sylwesterszmyd.pl\/index.php?rest_route=\/wp\/v2\/types\/page"}],"author":[{"embeddable":true,"href":"http:\/\/www.sylwesterszmyd.pl\/index.php?rest_route=\/wp\/v2\/users\/1"}],"replies":[{"embeddable":true,"href":"http:\/\/www.sylwesterszmyd.pl\/index.php?rest_route=%2Fwp%2Fv2%2Fcomments&post=19"}],"version-history":[{"count":27,"href":"http:\/\/www.sylwesterszmyd.pl\/index.php?rest_route=\/wp\/v2\/pages\/19\/revisions"}],"predecessor-version":[{"id":2925,"href":"http:\/\/www.sylwesterszmyd.pl\/index.php?rest_route=\/wp\/v2\/pages\/19\/revisions\/2925"}],"wp:attachment":[{"href":"http:\/\/www.sylwesterszmyd.pl\/index.php?rest_route=%2Fwp%2Fv2%2Fmedia&parent=19"}],"curies":[{"name":"wp","href":"https:\/\/api.w.org\/{rel}","templated":true}]}}